{"id":11938,"date":"2020-06-10T11:50:41","date_gmt":"2020-06-10T09:50:41","guid":{"rendered":"https:\/\/calvives.com\/empresa\/"},"modified":"2023-10-30T12:42:41","modified_gmt":"2023-10-30T11:42:41","slug":"empresa","status":"publish","type":"page","link":"https:\/\/calvives.com\/es\/empresa\/","title":{"rendered":"Empresa"},"content":{"rendered":"\t\t<div data-elementor-type=\"wp-page\" data-elementor-id=\"11938\" class=\"elementor elementor-11938 elementor-360\">\n\t\t\t\t\t\t\t\t\t<section class=\"elementor-section elementor-top-section elementor-element elementor-element-4990b1c elementor-section-boxed elementor-section-height-default elementor-section-height-default\" data-id=\"4990b1c\" data-element_type=\"section\">\n\t\t\t\t\t\t<div class=\"elementor-container elementor-column-gap-default\">\n\t\t\t\t\t<div class=\"elementor-column elementor-col-50 elementor-top-column elementor-element elementor-element-a8303dc elementor-hidden-mobile\" data-id=\"a8303dc\" data-element_type=\"column\" data-settings=\"{&quot;background_background&quot;:&quot;classic&quot;}\">\n\t\t\t<div class=\"elementor-widget-wrap\">\n\t\t\t\t\t\t\t\t\t<\/div>\n\t\t<\/div>\n\t\t\t\t<div class=\"elementor-column elementor-col-50 elementor-top-column elementor-element elementor-element-f15a2e2\" data-id=\"f15a2e2\" data-element_type=\"column\">\n\t\t\t<div class=\"elementor-widget-wrap elementor-element-populated\">\n\t\t\t\t\t\t\t\t<div class=\"elementor-element elementor-element-6d14326 poket-star-rating--align-center elementor-widget elementor-widget-witr_section_title\" data-id=\"6d14326\" data-element_type=\"widget\" data-widget_type=\"witr_section_title.default\">\n\t\t\t\t<div class=\"elementor-widget-container\">\n\t\t\t\t\t\t\t\t<!-- title left -->\n\t\t\t\t\t<div class=\"witr_section_title\">\n\t\t\t\t\t\t<div class=\"witr_section_title_inner text-left\">\n\t\t\t\t\t\t\n\t\t\t\t\t\t\t<!-- icon position -->\n\t\t\t\t\t\t\t\t\n\t\t\t\t\t\t\t<!-- end icon position -->\n\t\t\t\t\t\t\n\t\t\t\t\t\t\n\t\t\t\t\t\t\t<!-- title top -->\n\t\t\t\t\t\t\t\n\t\t\t\t\t\t\t<!-- icon position -->\n\t\t\t\t\t\t\t\t\n\t\t\t\t\t\t\t<!-- end icon position -->\n\n\t\t\t\t\t\t\t\n\t\t\t\t\t\t\t<!-- title middle -->\n\t\t\t\t\t\t\t\t\t\t\t\t\t\t\t<h3><h1>Sobre nosotros<\/h1><\/h3>\t\t\n\t\t\t\t\t\t\t\t\t\t\t\t\t\t<!-- title bottom -->\n\t\t\t\t\t\t\t\t\t\t\t\t\t\t\n\t\t\t\t\t\t\t<!-- icon position -->\n\t\t\t\t\t\t\t\t\t\t\t\t\t\t\n\t\t\t\t\t\t\t<!-- image -->\n\t\t\t\t\t\t\t\t\t\t\t\t\t\t<!-- icon -->\n\t\t\t\t\t\t\t\t\t\t\t\t\t\t\n\t\t\t\t\t\t\t<!-- bar -->\n\t\t\t\t\t\t\t\t\t\t\t\t\t\t<!-- circle bar -->\n\t\t\t\t\t\t\t\t\t\t\t\t\t\t\n\t\t\t\t\t\t\t\t\n\t\t\t\t\t\t\t<!-- end icon position -->\n\n\t\t\t\t\t\t\t<!-- content -->\n\t\t\t\t\t\t\t\t\t\t\t\t\t\t\t<p>CAL VIVES somos tocineros desde 1901, actualmente tambi\u00e9n charcuteros y carniceros. Somos artesanos comprometidos en hacer productos de la m\u00e1xima calidad conservando las formas de hacer que hemos aprendido de la familia siguiendo la tradici\u00f3n desde hace 4 generaciones. Mucha estima hacia el oficio y utilizando las mejores carnes y materias primas de proximidad buscamos crear gustos y texturas para hacer disfrutar su paladar. <\/p>\t\t\n\t\t\t\t\t\t\t\t\t\t\t\t\t<\/div>\n\t\t\t\t\t\t\t<!-- inner title -->\n\t\t\t\t\t\t\t\t\t\t\t\t\t\n\t\t\t\t\t<\/div>\t\t\t\t\n\t\t\t\t\t\t<\/div>\n\t\t\t\t<\/div>\n\t\t\t\t<div class=\"elementor-element elementor-element-c684d6b elementor-hidden-desktop elementor-hidden-tablet elementor-widget elementor-widget-image\" data-id=\"c684d6b\" data-element_type=\"widget\" data-widget_type=\"image.default\">\n\t\t\t\t<div class=\"elementor-widget-container\">\n\t\t\t<style>\/*! elementor - v3.14.0 - 26-06-2023 *\/\n.elementor-widget-image{text-align:center}.elementor-widget-image a{display:inline-block}.elementor-widget-image a img[src$=\".svg\"]{width:48px}.elementor-widget-image img{vertical-align:middle;display:inline-block}<\/style>\t\t\t\t\t\t\t\t\t\t\t\t<img loading=\"lazy\" decoding=\"async\" width=\"611\" height=\"459\" src=\"https:\/\/calvives.com\/wp-content\/uploads\/2023\/07\/Captura.jpg\" class=\"attachment-full size-full wp-image-11065\" alt=\"\" srcset=\"https:\/\/calvives.com\/wp-content\/uploads\/2023\/07\/Captura.jpg 611w, https:\/\/calvives.com\/wp-content\/uploads\/2023\/07\/Captura-300x225.jpg 300w\" sizes=\"auto, (max-width: 611px) 100vw, 611px\" \/>\t\t\t\t\t\t\t\t\t\t\t\t\t\t\t<\/div>\n\t\t\t\t<\/div>\n\t\t\t\t\t<\/div>\n\t\t<\/div>\n\t\t\t\t\t\t\t<\/div>\n\t\t<\/section>\n\t\t\t\t\t\t\t<\/div>\n\t\t","protected":false},"excerpt":{"rendered":"<p>Sobre nosotros CAL VIVES somos tocineros desde 1901, actualmente tambi\u00e9n charcuteros y carniceros. Somos artesanos comprometidos en hacer productos de la m\u00e1xima calidad conservando las formas de hacer que hemos aprendido de la familia siguiendo la tradici\u00f3n desde hace 4 generaciones. Mucha estima hacia el oficio y utilizando las mejores carnes y materias primas de [&hellip;]<\/p>\n","protected":false},"author":2,"featured_media":0,"parent":0,"menu_order":0,"comment_status":"closed","ping_status":"closed","template":"template-home.php","meta":{"footnotes":""},"class_list":["post-11938","page","type-page","status-publish","hentry"],"yoast_head":"<!-- This site is optimized with the Yoast SEO plugin v21.4 - https:\/\/yoast.com\/wordpress\/plugins\/seo\/ -->\n<title>Productos Exquisitos: Un mundo de sabores por descubrir<\/title>\n<meta name=\"description\" content=\"Sum\u00e9rgete en el universo de los quesos. Encuentra tu favorito entre nuestras variedades gourmet.\" \/>\n<meta name=\"robots\" content=\"index, follow, max-snippet:-1, max-image-preview:large, max-video-preview:-1\" \/>\n<link rel=\"canonical\" href=\"https:\/\/calvives.com\/es\/empresa\/\" \/>\n<meta property=\"og:locale\" content=\"es_ES\" \/>\n<meta property=\"og:type\" content=\"article\" \/>\n<meta property=\"og:title\" content=\"Productos Exquisitos: Un mundo de sabores por descubrir\" \/>\n<meta property=\"og:description\" content=\"Sum\u00e9rgete en el universo de los quesos. Encuentra tu favorito entre nuestras variedades gourmet.\" \/>\n<meta property=\"og:url\" content=\"https:\/\/calvives.com\/es\/empresa\/\" \/>\n<meta property=\"og:site_name\" content=\"Cal Vives\" \/>\n<meta property=\"article:publisher\" content=\"https:\/\/facebook.com\/cal.vives\" \/>\n<meta property=\"article:modified_time\" content=\"2023-10-30T11:42:41+00:00\" \/>\n<meta property=\"og:image\" content=\"https:\/\/calvives.com\/wp-content\/uploads\/2023\/07\/Captura.jpg\" \/>\n<meta name=\"twitter:card\" content=\"summary_large_image\" \/>\n<meta name=\"twitter:label1\" content=\"Tiempo de lectura\" \/>\n\t<meta name=\"twitter:data1\" content=\"1 minuto\" \/>\n<script type=\"application\/ld+json\" class=\"yoast-schema-graph\">{\"@context\":\"https:\/\/schema.org\",\"@graph\":[{\"@type\":\"WebPage\",\"@id\":\"https:\/\/calvives.com\/es\/empresa\/\",\"url\":\"https:\/\/calvives.com\/es\/empresa\/\",\"name\":\"Productos Exquisitos: Un mundo de sabores por descubrir\",\"isPartOf\":{\"@id\":\"https:\/\/calvives.com\/#website\"},\"datePublished\":\"2020-06-10T09:50:41+00:00\",\"dateModified\":\"2023-10-30T11:42:41+00:00\",\"description\":\"Sum\u00e9rgete en el universo de los quesos. Encuentra tu favorito entre nuestras variedades gourmet.\",\"breadcrumb\":{\"@id\":\"https:\/\/calvives.com\/es\/empresa\/#breadcrumb\"},\"inLanguage\":\"es\",\"potentialAction\":[{\"@type\":\"ReadAction\",\"target\":[\"https:\/\/calvives.com\/es\/empresa\/\"]}]},{\"@type\":\"BreadcrumbList\",\"@id\":\"https:\/\/calvives.com\/es\/empresa\/#breadcrumb\",\"itemListElement\":[{\"@type\":\"ListItem\",\"position\":1,\"name\":\"Portada\",\"item\":\"https:\/\/calvives.com\/es\/\"},{\"@type\":\"ListItem\",\"position\":2,\"name\":\"Empresa\"}]},{\"@type\":\"WebSite\",\"@id\":\"https:\/\/calvives.com\/#website\",\"url\":\"https:\/\/calvives.com\/\",\"name\":\"Cal Vives\",\"description\":\"\",\"publisher\":{\"@id\":\"https:\/\/calvives.com\/#organization\"},\"potentialAction\":[{\"@type\":\"SearchAction\",\"target\":{\"@type\":\"EntryPoint\",\"urlTemplate\":\"https:\/\/calvives.com\/?s={search_term_string}\"},\"query-input\":\"required name=search_term_string\"}],\"inLanguage\":\"es\"},{\"@type\":\"Organization\",\"@id\":\"https:\/\/calvives.com\/#organization\",\"name\":\"Cal Vives\",\"url\":\"https:\/\/calvives.com\/\",\"logo\":{\"@type\":\"ImageObject\",\"inLanguage\":\"es\",\"@id\":\"https:\/\/calvives.com\/#\/schema\/logo\/image\/\",\"url\":\"https:\/\/calvives.com\/wp-content\/uploads\/2023\/07\/cropped-icon-cal-vives.jpg\",\"contentUrl\":\"https:\/\/calvives.com\/wp-content\/uploads\/2023\/07\/cropped-icon-cal-vives.jpg\",\"width\":512,\"height\":512,\"caption\":\"Cal Vives\"},\"image\":{\"@id\":\"https:\/\/calvives.com\/#\/schema\/logo\/image\/\"},\"sameAs\":[\"https:\/\/facebook.com\/cal.vives\",\"https:\/\/instagram.com\/calvives\"]}]}<\/script>\n<!-- \/ Yoast SEO plugin. -->","yoast_head_json":{"title":"Productos Exquisitos: Un mundo de sabores por descubrir","description":"Sum\u00e9rgete en el universo de los quesos. Encuentra tu favorito entre nuestras variedades gourmet.","robots":{"index":"index","follow":"follow","max-snippet":"max-snippet:-1","max-image-preview":"max-image-preview:large","max-video-preview":"max-video-preview:-1"},"canonical":"https:\/\/calvives.com\/es\/empresa\/","og_locale":"es_ES","og_type":"article","og_title":"Productos Exquisitos: Un mundo de sabores por descubrir","og_description":"Sum\u00e9rgete en el universo de los quesos. Encuentra tu favorito entre nuestras variedades gourmet.","og_url":"https:\/\/calvives.com\/es\/empresa\/","og_site_name":"Cal Vives","article_publisher":"https:\/\/facebook.com\/cal.vives","article_modified_time":"2023-10-30T11:42:41+00:00","og_image":[{"url":"https:\/\/calvives.com\/wp-content\/uploads\/2023\/07\/Captura.jpg"}],"twitter_card":"summary_large_image","twitter_misc":{"Tiempo de lectura":"1 minuto"},"schema":{"@context":"https:\/\/schema.org","@graph":[{"@type":"WebPage","@id":"https:\/\/calvives.com\/es\/empresa\/","url":"https:\/\/calvives.com\/es\/empresa\/","name":"Productos Exquisitos: Un mundo de sabores por descubrir","isPartOf":{"@id":"https:\/\/calvives.com\/#website"},"datePublished":"2020-06-10T09:50:41+00:00","dateModified":"2023-10-30T11:42:41+00:00","description":"Sum\u00e9rgete en el universo de los quesos. Encuentra tu favorito entre nuestras variedades gourmet.","breadcrumb":{"@id":"https:\/\/calvives.com\/es\/empresa\/#breadcrumb"},"inLanguage":"es","potentialAction":[{"@type":"ReadAction","target":["https:\/\/calvives.com\/es\/empresa\/"]}]},{"@type":"BreadcrumbList","@id":"https:\/\/calvives.com\/es\/empresa\/#breadcrumb","itemListElement":[{"@type":"ListItem","position":1,"name":"Portada","item":"https:\/\/calvives.com\/es\/"},{"@type":"ListItem","position":2,"name":"Empresa"}]},{"@type":"WebSite","@id":"https:\/\/calvives.com\/#website","url":"https:\/\/calvives.com\/","name":"Cal Vives","description":"","publisher":{"@id":"https:\/\/calvives.com\/#organization"},"potentialAction":[{"@type":"SearchAction","target":{"@type":"EntryPoint","urlTemplate":"https:\/\/calvives.com\/?s={search_term_string}"},"query-input":"required name=search_term_string"}],"inLanguage":"es"},{"@type":"Organization","@id":"https:\/\/calvives.com\/#organization","name":"Cal Vives","url":"https:\/\/calvives.com\/","logo":{"@type":"ImageObject","inLanguage":"es","@id":"https:\/\/calvives.com\/#\/schema\/logo\/image\/","url":"https:\/\/calvives.com\/wp-content\/uploads\/2023\/07\/cropped-icon-cal-vives.jpg","contentUrl":"https:\/\/calvives.com\/wp-content\/uploads\/2023\/07\/cropped-icon-cal-vives.jpg","width":512,"height":512,"caption":"Cal Vives"},"image":{"@id":"https:\/\/calvives.com\/#\/schema\/logo\/image\/"},"sameAs":["https:\/\/facebook.com\/cal.vives","https:\/\/instagram.com\/calvives"]}]}},"_links":{"self":[{"href":"https:\/\/calvives.com\/es\/wp-json\/wp\/v2\/pages\/11938","targetHints":{"allow":["GET"]}}],"collection":[{"href":"https:\/\/calvives.com\/es\/wp-json\/wp\/v2\/pages"}],"about":[{"href":"https:\/\/calvives.com\/es\/wp-json\/wp\/v2\/types\/page"}],"author":[{"embeddable":true,"href":"https:\/\/calvives.com\/es\/wp-json\/wp\/v2\/users\/2"}],"replies":[{"embeddable":true,"href":"https:\/\/calvives.com\/es\/wp-json\/wp\/v2\/comments?post=11938"}],"version-history":[{"count":15,"href":"https:\/\/calvives.com\/es\/wp-json\/wp\/v2\/pages\/11938\/revisions"}],"predecessor-version":[{"id":11976,"href":"https:\/\/calvives.com\/es\/wp-json\/wp\/v2\/pages\/11938\/revisions\/11976"}],"wp:attachment":[{"href":"https:\/\/calvives.com\/es\/wp-json\/wp\/v2\/media?parent=11938"}],"curies":[{"name":"wp","href":"https:\/\/api.w.org\/{rel}","templated":true}]}}